{"id":158,"date":"2022-05-10T10:28:59","date_gmt":"2022-05-10T15:28:59","guid":{"rendered":"https:\/\/eis.carmis.ai\/?page_id=158"},"modified":"2024-06-26T15:52:51","modified_gmt":"2024-06-26T20:52:51","slug":"404-page","status":"publish","type":"page","link":"https:\/\/eis.carmis.ai\/tr\/404-page\/","title":{"rendered":"404 Sayfa"},"content":{"rendered":"<div id=\"cs-content\" class=\"cs-content\"><div class=\"x-section e158-e1 m4e-0\"><div class=\"x-row x-container max width e158-e2 m4e-1 m4e-2\"><div class=\"x-row-inner\"><div class=\"x-col e158-e3 m4e-3 m4e-4\"><div style=\"--tco-dc4e-0:#d02c2f;--tco-dc4e-3:#d02c2f;--tco-dc4e-4:#d02c2f;--tco-dc4e-7:#d02c2f;\" class=\"x-text x-text-headline e158-e4 m4e-6 m4e-7\"><div class=\"x-text-content\"><div class=\"x-text-content-text\"><h1 class=\"x-text-content-text-primary\">404<\/h1>\n<\/div><\/div><\/div><div style=\"--tco-dc4e-8:#d02c2f;--tco-dc4e-b:#d02c2f;--tco-dc4e-c:#d02c2f;--tco-dc4e-f:#d02c2f;--tco-dc4e-g:#d02c2f;--tco-dc4e-j:#d02c2f;\" class=\"x-text x-text-headline e158-e5 m4e-6 m4e-8\"><div class=\"x-text-content\"><div class=\"x-text-content-text\"><h2 class=\"x-text-content-text-primary\">Vay can\u0131na!<\/h2>\n<p class=\"x-text-content-text-subheadline\">Bu sayfa konu\u015fmalar aras\u0131nda kayboldu.<\/p><\/div><\/div><\/div><div class=\"x-text x-content e158-e6 m4e-9\">Endi\u015felenmeyin. Bizimle ileti\u015fime ge\u00e7ebilirsiniz.<\/div><a class=\"x-anchor x-anchor-button e158-e7 m4e-a\" tabindex=\"0\" style=\"--tco-dc4e-l:#d02c2f;--tco-dc4e-o:#ff3c2f;\" href=\"https:\/\/eis.carmis.ai\/tr\"><div class=\"x-anchor-content\"><div class=\"x-anchor-text\"><span class=\"x-anchor-text-primary\">Ana sayfa<\/span><\/div><\/div><\/a><div class=\"x-text x-content e158-e8 m4e-9\">ve CARMIS&#039;in (Kar Amac\u0131 G\u00fctmeyen Kurulu\u015flar \u0130\u00e7in Eksiksiz CRM) Ak\u0131ll\u0131 Formlar\u0131 hakk\u0131nda bilgi edinin.<\/div><\/div><div class=\"x-col e158-e9 m4e-3 m4e-5\"><span class=\"x-image e158-e10 m4e-b\"><img decoding=\"async\" src=\"https:\/\/eis.carmis.ai\/wp-content\/uploads\/2022\/05\/404-illustrations.svg\" width=\"490\" height=\"700\" alt=\"404 Illustration\" loading=\"lazy\"><\/span><\/div><\/div><\/div><\/div><\/div>","protected":false},"excerpt":{"rendered":"<p>404Oops!Bu sayfa konu\u015fmada kayboldu.Endi\u015felenmeyin. Ana sayfam\u0131za gidebilir ve CARMIS&#039;in (Kar Amac\u0131 G\u00fctmeyen Kurulu\u015flar \u0130\u00e7in Eksiksiz Bir CRM) Ak\u0131ll\u0131 Formlar\u0131 hakk\u0131nda okuyabilirsiniz.<\/p>","protected":false},"author":5,"featured_media":625,"parent":0,"menu_order":0,"comment_status":"closed","ping_status":"closed","template":"template-blank-4.php","meta":{"_acf_changed":false,"inline_featured_image":false,"footnotes":""},"class_list":["post-158","page","type-page","status-publish","has-post-thumbnail","hentry"],"acf":[],"yoast_head":"<!-- This site is optimized with the Yoast SEO plugin v27.3 - https:\/\/yoast.com\/product\/yoast-seo-wordpress\/ -->\n<title>404 Page - CARMIS Smart Forms - Eastman Immigrant Services<\/title>\n<meta name=\"robots\" content=\"index, follow, max-snippet:-1, max-image-preview:large, max-video-preview:-1\" \/>\n<link rel=\"canonical\" href=\"https:\/\/eis.carmis.ai\/tr\/404-page\/\" \/>\n<meta property=\"og:locale\" content=\"tr_TR\" \/>\n<meta property=\"og:type\" content=\"article\" \/>\n<meta property=\"og:title\" content=\"404 Page - CARMIS Smart Forms - Eastman Immigrant Services\" \/>\n<meta property=\"og:description\" content=\"404 Whoops! This page got lost in conversation.Not to worry. You can head over to ourHomepageand read about Smart Forms by CARMIS (A Complete CRM for Non-Profits).\" \/>\n<meta property=\"og:url\" content=\"https:\/\/eis.carmis.ai\/tr\/404-page\/\" \/>\n<meta property=\"og:site_name\" content=\"CARMIS Smart Forms - Eastman Immigrant Services\" \/>\n<meta property=\"article:modified_time\" content=\"2024-06-26T20:52:51+00:00\" \/>\n<meta property=\"og:image\" content=\"https:\/\/eis.carmis.ai\/wp-content\/uploads\/2024\/06\/VDICSS-Logo-small.png\" \/>\n\t<meta property=\"og:image:width\" content=\"226\" \/>\n\t<meta property=\"og:image:height\" content=\"226\" \/>\n\t<meta property=\"og:image:type\" content=\"image\/png\" \/>\n<meta name=\"twitter:card\" content=\"summary_large_image\" \/>\n<meta name=\"twitter:label1\" content=\"Tahmini okuma s\u00fcresi\" \/>\n\t<meta name=\"twitter:data1\" content=\"1 dakika\" \/>\n<script type=\"application\/ld+json\" class=\"yoast-schema-graph\">{\"@context\":\"https:\\\/\\\/schema.org\",\"@graph\":[{\"@type\":\"WebPage\",\"@id\":\"https:\\\/\\\/eis.carmis.ai\\\/404-page\\\/\",\"url\":\"https:\\\/\\\/eis.carmis.ai\\\/404-page\\\/\",\"name\":\"404 Page - CARMIS Smart Forms - Eastman Immigrant Services\",\"isPartOf\":{\"@id\":\"https:\\\/\\\/eis.carmis.ai\\\/#website\"},\"primaryImageOfPage\":{\"@id\":\"https:\\\/\\\/eis.carmis.ai\\\/404-page\\\/#primaryimage\"},\"image\":{\"@id\":\"https:\\\/\\\/eis.carmis.ai\\\/404-page\\\/#primaryimage\"},\"thumbnailUrl\":\"\",\"datePublished\":\"2022-05-10T15:28:59+00:00\",\"dateModified\":\"2024-06-26T20:52:51+00:00\",\"breadcrumb\":{\"@id\":\"https:\\\/\\\/eis.carmis.ai\\\/404-page\\\/#breadcrumb\"},\"inLanguage\":\"tr\",\"potentialAction\":[{\"@type\":\"ReadAction\",\"target\":[\"https:\\\/\\\/eis.carmis.ai\\\/404-page\\\/\"]}]},{\"@type\":\"ImageObject\",\"inLanguage\":\"tr\",\"@id\":\"https:\\\/\\\/eis.carmis.ai\\\/404-page\\\/#primaryimage\",\"url\":\"\",\"contentUrl\":\"\"},{\"@type\":\"BreadcrumbList\",\"@id\":\"https:\\\/\\\/eis.carmis.ai\\\/404-page\\\/#breadcrumb\",\"itemListElement\":[{\"@type\":\"ListItem\",\"position\":1,\"name\":\"Home\",\"item\":\"https:\\\/\\\/eis.carmis.ai\\\/\"},{\"@type\":\"ListItem\",\"position\":2,\"name\":\"404 Page\"}]},{\"@type\":\"WebSite\",\"@id\":\"https:\\\/\\\/eis.carmis.ai\\\/#website\",\"url\":\"https:\\\/\\\/eis.carmis.ai\\\/\",\"name\":\"CARMIS Smart Forms - Eastman Immigrant Services\",\"description\":\"Eastman Immigrant Services\",\"potentialAction\":[{\"@type\":\"SearchAction\",\"target\":{\"@type\":\"EntryPoint\",\"urlTemplate\":\"https:\\\/\\\/eis.carmis.ai\\\/?s={search_term_string}\"},\"query-input\":{\"@type\":\"PropertyValueSpecification\",\"valueRequired\":true,\"valueName\":\"search_term_string\"}}],\"inLanguage\":\"tr\"}]}<\/script>\n<!-- \/ Yoast SEO plugin. -->","yoast_head_json":{"title":"404 Page - CARMIS Smart Forms - Eastman Immigrant Services","robots":{"index":"index","follow":"follow","max-snippet":"max-snippet:-1","max-image-preview":"max-image-preview:large","max-video-preview":"max-video-preview:-1"},"canonical":"https:\/\/eis.carmis.ai\/tr\/404-page\/","og_locale":"tr_TR","og_type":"article","og_title":"404 Page - CARMIS Smart Forms - Eastman Immigrant Services","og_description":"404 Whoops! This page got lost in conversation.Not to worry. You can head over to ourHomepageand read about Smart Forms by CARMIS (A Complete CRM for Non-Profits).","og_url":"https:\/\/eis.carmis.ai\/tr\/404-page\/","og_site_name":"CARMIS Smart Forms - Eastman Immigrant Services","article_modified_time":"2024-06-26T20:52:51+00:00","og_image":[{"width":226,"height":226,"url":"https:\/\/eis.carmis.ai\/wp-content\/uploads\/2024\/06\/VDICSS-Logo-small.png","type":"image\/png"}],"twitter_card":"summary_large_image","twitter_misc":{"Tahmini okuma s\u00fcresi":"1 dakika"},"schema":{"@context":"https:\/\/schema.org","@graph":[{"@type":"WebPage","@id":"https:\/\/eis.carmis.ai\/404-page\/","url":"https:\/\/eis.carmis.ai\/404-page\/","name":"404 Page - CARMIS Smart Forms - Eastman Immigrant Services","isPartOf":{"@id":"https:\/\/eis.carmis.ai\/#website"},"primaryImageOfPage":{"@id":"https:\/\/eis.carmis.ai\/404-page\/#primaryimage"},"image":{"@id":"https:\/\/eis.carmis.ai\/404-page\/#primaryimage"},"thumbnailUrl":"","datePublished":"2022-05-10T15:28:59+00:00","dateModified":"2024-06-26T20:52:51+00:00","breadcrumb":{"@id":"https:\/\/eis.carmis.ai\/404-page\/#breadcrumb"},"inLanguage":"tr","potentialAction":[{"@type":"ReadAction","target":["https:\/\/eis.carmis.ai\/404-page\/"]}]},{"@type":"ImageObject","inLanguage":"tr","@id":"https:\/\/eis.carmis.ai\/404-page\/#primaryimage","url":"","contentUrl":""},{"@type":"BreadcrumbList","@id":"https:\/\/eis.carmis.ai\/404-page\/#breadcrumb","itemListElement":[{"@type":"ListItem","position":1,"name":"Home","item":"https:\/\/eis.carmis.ai\/"},{"@type":"ListItem","position":2,"name":"404 Page"}]},{"@type":"WebSite","@id":"https:\/\/eis.carmis.ai\/#website","url":"https:\/\/eis.carmis.ai\/","name":"CARMIS Ak\u0131ll\u0131 Formlar - Eastman G\u00f6\u00e7menlik Hizmetleri","description":"Eastman G\u00f6\u00e7men Hizmetleri","potentialAction":[{"@type":"SearchAction","target":{"@type":"EntryPoint","urlTemplate":"https:\/\/eis.carmis.ai\/?s={search_term_string}"},"query-input":{"@type":"PropertyValueSpecification","valueRequired":true,"valueName":"search_term_string"}}],"inLanguage":"tr"}]}},"_links":{"self":[{"href":"https:\/\/eis.carmis.ai\/tr\/wp-json\/wp\/v2\/pages\/158","targetHints":{"allow":["GET"]}}],"collection":[{"href":"https:\/\/eis.carmis.ai\/tr\/wp-json\/wp\/v2\/pages"}],"about":[{"href":"https:\/\/eis.carmis.ai\/tr\/wp-json\/wp\/v2\/types\/page"}],"author":[{"embeddable":true,"href":"https:\/\/eis.carmis.ai\/tr\/wp-json\/wp\/v2\/users\/5"}],"replies":[{"embeddable":true,"href":"https:\/\/eis.carmis.ai\/tr\/wp-json\/wp\/v2\/comments?post=158"}],"version-history":[{"count":5,"href":"https:\/\/eis.carmis.ai\/tr\/wp-json\/wp\/v2\/pages\/158\/revisions"}],"predecessor-version":[{"id":776,"href":"https:\/\/eis.carmis.ai\/tr\/wp-json\/wp\/v2\/pages\/158\/revisions\/776"}],"wp:featuredmedia":[{"embeddable":true,"href":"https:\/\/eis.carmis.ai\/tr\/wp-json\/"}],"wp:attachment":[{"href":"https:\/\/eis.carmis.ai\/tr\/wp-json\/wp\/v2\/media?parent=158"}],"curies":[{"name":"wp","href":"https:\/\/api.w.org\/{rel}","templated":true}]}}